{"id":31,"date":"2024-09-25T14:34:37","date_gmt":"2024-09-25T14:34:37","guid":{"rendered":"https:\/\/itaraoro.rkinformatika.online\/?page_id=31"},"modified":"2024-11-12T08:47:12","modified_gmt":"2024-11-12T08:47:12","slug":"servicios","status":"publish","type":"page","link":"https:\/\/manitasicod.com\/en\/servicios\/","title":{"rendered":"Services"},"content":{"rendered":"<div data-elementor-type=\"wp-page\" data-elementor-id=\"31\" class=\"elementor elementor-31\" data-elementor-post-type=\"page\">\n\t\t\t\t<div class=\"elementor-element elementor-element-ea9ebb7 e-con-full e-flex e-con e-parent\" data-id=\"ea9ebb7\" data-element_type=\"container\" data-e-type=\"container\" data-settings=\"{&quot;background_background&quot;:&quot;classic&quot;}\">\n\t\t\t\t<\/div>\n\t\t<div class=\"elementor-element elementor-element-85f9883 e-flex e-con-boxed e-con e-parent\" data-id=\"85f9883\" data-element_type=\"container\" data-e-type=\"container\">\n\t\t\t\t\t<div class=\"e-con-inner\">\n\t\t\t\t<div class=\"elementor-element elementor-element-4e31f5e elementor-widget elementor-widget-heading\" data-id=\"4e31f5e\" data-element_type=\"widget\" data-e-type=\"widget\" data-widget_type=\"heading.default\">\n\t\t\t\t<div class=\"elementor-widget-container\">\n\t\t\t\t\t<h2 class=\"elementor-heading-title elementor-size-default\">Nuestros Servicios: <br><\/h2>\t\t\t\t<\/div>\n\t\t\t\t<\/div>\n\t\t\t\t\t<\/div>\n\t\t\t\t<\/div>\n\t\t<div class=\"elementor-element elementor-element-c7396f1 e-flex e-con-boxed e-con e-parent\" data-id=\"c7396f1\" data-element_type=\"container\" data-e-type=\"container\" data-settings=\"{&quot;background_background&quot;:&quot;classic&quot;}\">\n\t\t\t\t\t<div class=\"e-con-inner\">\n\t\t\t\t<div class=\"elementor-element elementor-element-ae63abf elementor-widget elementor-widget-heading\" data-id=\"ae63abf\" data-element_type=\"widget\" data-e-type=\"widget\" data-widget_type=\"heading.default\">\n\t\t\t\t<div class=\"elementor-widget-container\">\n\t\t\t\t\t<h2 class=\"elementor-heading-title elementor-size-default\">Servicios Pensados para Ti<\/h2>\t\t\t\t<\/div>\n\t\t\t\t<\/div>\n\t\t\t\t<div class=\"elementor-element elementor-element-bc4a52b elementor-view-default elementor-widget elementor-widget-icon\" data-id=\"bc4a52b\" data-element_type=\"widget\" data-e-type=\"widget\" data-widget_type=\"icon.default\">\n\t\t\t\t<div class=\"elementor-widget-container\">\n\t\t\t\t\t\t\t<div class=\"elementor-icon-wrapper\">\n\t\t\t<div class=\"elementor-icon\">\n\t\t\t<svg aria-hidden=\"true\" class=\"e-font-icon-svg e-fas-heart\" viewbox=\"0 0 512 512\" xmlns=\"http:\/\/www.w3.org\/2000\/svg\"><path d=\"M462.3 62.6C407.5 15.9 326 24.3 275.7 76.2L256 96.5l-19.7-20.3C186.1 24.3 104.5 15.9 49.7 62.6c-62.8 53.6-66.1 149.8-9.9 207.9l193.5 199.8c12.5 12.9 32.8 12.9 45.3 0l193.5-199.8c56.3-58.1 53-154.3-9.8-207.9z\"><\/path><\/svg>\t\t\t<\/div>\n\t\t<\/div>\n\t\t\t\t\t\t<\/div>\n\t\t\t\t<\/div>\n\t\t\t\t\t<\/div>\n\t\t\t\t<\/div>\n\t\t<div class=\"elementor-element elementor-element-94feea1 e-flex e-con-boxed e-con e-parent\" data-id=\"94feea1\" data-element_type=\"container\" data-e-type=\"container\" data-settings=\"{&quot;background_background&quot;:&quot;classic&quot;}\">\n\t\t\t\t\t<div class=\"e-con-inner\">\n\t\t<div class=\"elementor-element elementor-element-f010642 e-con-full e-flex e-con e-child\" data-id=\"f010642\" data-element_type=\"container\" data-e-type=\"container\" data-settings=\"{&quot;background_background&quot;:&quot;classic&quot;}\">\n\t\t\t\t<div class=\"elementor-element elementor-element-fcf4e81 elementor-position-top elementor-widget elementor-widget-image-box\" data-id=\"fcf4e81\" data-element_type=\"widget\" data-e-type=\"widget\" data-widget_type=\"image-box.default\">\n\t\t\t\t<div class=\"elementor-widget-container\">\n\t\t\t\t\t<div class=\"elementor-image-box-wrapper\"><figure class=\"elementor-image-box-img\"><img fetchpriority=\"high\" decoding=\"async\" width=\"560\" height=\"373\" src=\"https:\/\/manitasicod.com\/wp-content\/uploads\/2024\/11\/Captura-desde-2024-11-11-11-39-32.png\" class=\"elementor-animation-bob attachment-full size-full wp-image-878\" alt=\"\" srcset=\"https:\/\/manitasicod.com\/wp-content\/uploads\/2024\/11\/Captura-desde-2024-11-11-11-39-32.png 560w, https:\/\/manitasicod.com\/wp-content\/uploads\/2024\/11\/Captura-desde-2024-11-11-11-39-32-300x200.png 300w, https:\/\/manitasicod.com\/wp-content\/uploads\/2024\/11\/Captura-desde-2024-11-11-11-39-32-18x12.png 18w\" sizes=\"(max-width: 560px) 100vw, 560px\" \/><\/figure><div class=\"elementor-image-box-content\"><h3 class=\"elementor-image-box-title\">Tailoring Alterations<\/h3><p class=\"elementor-image-box-description\">\n\n<strong>Vueltos (Dobladillos):  <\/strong>Este ajuste permite ajustar el largo de pantalones, faldas, vestidos o mangas. Puede hacerse con diferentes acabados: invisible, con costura recta o decorativa, seg\u00fan el tipo de prenda y el estilo deseado.<br><br>\n<strong>Estrechar:<\/strong> Este arreglo se realiza para reducir el ancho de una prenda en \u00e1reas espec\u00edficas como la cintura, cadera, pecho o piernas.<br><br>\n<strong>Alargar:<\/strong> Cuando una prenda queda corta, es posible alargarla utilizando la tela de la bastilla (cuando la prenda lo permite) o a\u00f1adiendo un borde decorativo en telas a juego.<br><br>\n\n<strong>Descosidos:<\/strong> Las costuras que se han soltado o descosido con el tiempo se pueden reforzar para devolverle la resistencia a la prenda..<br><br>\n\n<strong>Cremalleras:<\/strong> El reemplazo o arreglo de cremalleras es com\u00fan en prendas de uso frecuente como pantalones, chaquetas y vestidos.<br><br><\/p><\/div><\/div>\t\t\t\t<\/div>\n\t\t\t\t<\/div>\n\t\t\t\t<div class=\"elementor-element elementor-element-8a0eb0d elementor-align-center elementor-widget elementor-widget-button\" data-id=\"8a0eb0d\" data-element_type=\"widget\" data-e-type=\"widget\" data-widget_type=\"button.default\">\n\t\t\t\t<div class=\"elementor-widget-container\">\n\t\t\t\t\t\t\t\t\t<div class=\"elementor-button-wrapper\">\n\t\t\t\t\t<a class=\"elementor-button elementor-button-link elementor-size-sm\" href=\"https:\/\/manitasicod.com\/en\/contacto\/\">\n\t\t\t\t\t\t<span class=\"elementor-button-content-wrapper\">\n\t\t\t\t\t\t\t\t\t<span class=\"elementor-button-text\">Agendar Cita<\/span>\n\t\t\t\t\t<\/span>\n\t\t\t\t\t<\/a>\n\t\t\t\t<\/div>\n\t\t\t\t\t\t\t\t<\/div>\n\t\t\t\t<\/div>\n\t\t\t\t<\/div>\n\t\t<div class=\"elementor-element elementor-element-3794a01 e-con-full e-flex e-con e-child\" data-id=\"3794a01\" data-element_type=\"container\" data-e-type=\"container\" data-settings=\"{&quot;background_background&quot;:&quot;classic&quot;}\">\n\t\t\t\t<div class=\"elementor-element elementor-element-c5016b6 elementor-position-top elementor-widget elementor-widget-image-box\" data-id=\"c5016b6\" data-element_type=\"widget\" data-e-type=\"widget\" data-widget_type=\"image-box.default\">\n\t\t\t\t<div class=\"elementor-widget-container\">\n\t\t\t\t\t<div class=\"elementor-image-box-wrapper\"><figure class=\"elementor-image-box-img\"><img decoding=\"async\" width=\"560\" height=\"373\" src=\"https:\/\/manitasicod.com\/wp-content\/uploads\/2024\/11\/Captura-desde-2024-11-11-11-42-20.png\" class=\"elementor-animation-bob attachment-full size-full wp-image-880\" alt=\"\" srcset=\"https:\/\/manitasicod.com\/wp-content\/uploads\/2024\/11\/Captura-desde-2024-11-11-11-42-20.png 560w, https:\/\/manitasicod.com\/wp-content\/uploads\/2024\/11\/Captura-desde-2024-11-11-11-42-20-300x200.png 300w, https:\/\/manitasicod.com\/wp-content\/uploads\/2024\/11\/Captura-desde-2024-11-11-11-42-20-18x12.png 18w\" sizes=\"(max-width: 560px) 100vw, 560px\" \/><\/figure><div class=\"elementor-image-box-content\"><h3 class=\"elementor-image-box-title\">Embroidery<\/h3><p class=\"elementor-image-box-description\">El bordado personalizado permite que cada cliente elija el dise\u00f1o que desee bordar. Puede incluir nombres, iniciales, frases o im\u00e1genes personales, aplicables en prendas de vestir, mantas, toallas y otros textiles.\n<br><br>El bordado es un m\u00e9todo muy duradero, ya que los hilos utilizados est\u00e1n especialmente dise\u00f1ados para resistir el uso constante y el lavado, a diferencia de otras t\u00e9cnicas de personalizaci\u00f3n como el estampado que puede desgastarse.<br><br><\/p><\/div><\/div>\t\t\t\t<\/div>\n\t\t\t\t<\/div>\n\t\t\t\t<div class=\"elementor-element elementor-element-1c2faf1 elementor-align-center elementor-widget elementor-widget-button\" data-id=\"1c2faf1\" data-element_type=\"widget\" data-e-type=\"widget\" data-widget_type=\"button.default\">\n\t\t\t\t<div class=\"elementor-widget-container\">\n\t\t\t\t\t\t\t\t\t<div class=\"elementor-button-wrapper\">\n\t\t\t\t\t<a class=\"elementor-button elementor-button-link elementor-size-sm\" href=\"https:\/\/manitasicod.com\/en\/contacto\/\">\n\t\t\t\t\t\t<span class=\"elementor-button-content-wrapper\">\n\t\t\t\t\t\t\t\t\t<span class=\"elementor-button-text\">Agendar Cita<\/span>\n\t\t\t\t\t<\/span>\n\t\t\t\t\t<\/a>\n\t\t\t\t<\/div>\n\t\t\t\t\t\t\t\t<\/div>\n\t\t\t\t<\/div>\n\t\t\t\t<\/div>\n\t\t<div class=\"elementor-element elementor-element-4b4abd9 e-con-full e-flex e-con e-child\" data-id=\"4b4abd9\" data-element_type=\"container\" data-e-type=\"container\" data-settings=\"{&quot;background_background&quot;:&quot;classic&quot;}\">\n\t\t\t\t<div class=\"elementor-element elementor-element-d997d1e elementor-position-top elementor-widget elementor-widget-image-box\" data-id=\"d997d1e\" data-element_type=\"widget\" data-e-type=\"widget\" data-widget_type=\"image-box.default\">\n\t\t\t\t<div class=\"elementor-widget-container\">\n\t\t\t\t\t<div class=\"elementor-image-box-wrapper\"><figure class=\"elementor-image-box-img\"><img decoding=\"async\" width=\"653\" height=\"440\" src=\"https:\/\/manitasicod.com\/wp-content\/uploads\/2024\/11\/Captura-desde-2024-11-11-11-49-10.png\" class=\"elementor-animation-bob attachment-full size-full wp-image-881\" alt=\"\" srcset=\"https:\/\/manitasicod.com\/wp-content\/uploads\/2024\/11\/Captura-desde-2024-11-11-11-49-10.png 653w, https:\/\/manitasicod.com\/wp-content\/uploads\/2024\/11\/Captura-desde-2024-11-11-11-49-10-300x202.png 300w, https:\/\/manitasicod.com\/wp-content\/uploads\/2024\/11\/Captura-desde-2024-11-11-11-49-10-18x12.png 18w\" sizes=\"(max-width: 653px) 100vw, 653px\" \/><\/figure><div class=\"elementor-image-box-content\"><h3 class=\"elementor-image-box-title\">Reparaci\u00f3n de Maquinas<\/h3><p class=\"elementor-image-box-description\">Este servicio se encarga de diagnosticar, reparar y ajustar las m\u00e1quinas de coser para solucionar problemas mec\u00e1nicos, el\u00e9ctricos o de desgaste de piezas, permitiendo que las m\u00e1quinas trabajen con precisi\u00f3n y eficiencia.<br><br>\n\n<strong>Reparaci\u00f3n de Aver\u00edas: <\/strong>Cuando una m\u00e1quina presenta fallas espec\u00edficas como atascos, saltos de puntada, problemas de tensi\u00f3n del hilo o fallas en el pedal, la reparaci\u00f3n de aver\u00edas permite identificar y corregir el problema, restaurando el funcionamiento de la m\u00e1quina.\n\n<br><br>\n<strong>Sustituci\u00f3n de Piezas: <\/strong>Algunas veces, las piezas internas de las m\u00e1quinas, como las agujas, correas, ganchos o motores, necesitan ser reemplazadas. El servicio de reparaci\u00f3n incluye la sustituci\u00f3n de estas piezas por otras originales o compatibles, asegurando que la m\u00e1quina opere como debe.<br><br>\n<\/p><\/div><\/div>\t\t\t\t<\/div>\n\t\t\t\t<\/div>\n\t\t\t\t<div class=\"elementor-element elementor-element-9024117 elementor-align-center elementor-widget elementor-widget-button\" data-id=\"9024117\" data-element_type=\"widget\" data-e-type=\"widget\" data-widget_type=\"button.default\">\n\t\t\t\t<div class=\"elementor-widget-container\">\n\t\t\t\t\t\t\t\t\t<div class=\"elementor-button-wrapper\">\n\t\t\t\t\t<a class=\"elementor-button elementor-button-link elementor-size-sm\" href=\"https:\/\/manitasicod.com\/en\/contacto\/\">\n\t\t\t\t\t\t<span class=\"elementor-button-content-wrapper\">\n\t\t\t\t\t\t\t\t\t<span class=\"elementor-button-text\">Agendar Cita<\/span>\n\t\t\t\t\t<\/span>\n\t\t\t\t\t<\/a>\n\t\t\t\t<\/div>\n\t\t\t\t\t\t\t\t<\/div>\n\t\t\t\t<\/div>\n\t\t\t\t<\/div>\n\t\t\t\t\t<\/div>\n\t\t\t\t<\/div>\n\t\t<div class=\"elementor-element elementor-element-fdaf582 e-flex e-con-boxed e-con e-parent\" data-id=\"fdaf582\" data-element_type=\"container\" data-e-type=\"container\" data-settings=\"{&quot;background_background&quot;:&quot;classic&quot;}\">\n\t\t\t\t\t<div class=\"e-con-inner\">\n\t\t<div class=\"elementor-element elementor-element-e03335a e-con-full e-flex e-con e-child\" data-id=\"e03335a\" data-element_type=\"container\" data-e-type=\"container\" data-settings=\"{&quot;background_background&quot;:&quot;classic&quot;}\">\n\t\t\t\t<div class=\"elementor-element elementor-element-521ac49 elementor-position-top elementor-widget elementor-widget-image-box\" data-id=\"521ac49\" data-element_type=\"widget\" data-e-type=\"widget\" data-widget_type=\"image-box.default\">\n\t\t\t\t<div class=\"elementor-widget-container\">\n\t\t\t\t\t<div class=\"elementor-image-box-wrapper\"><figure class=\"elementor-image-box-img\"><img loading=\"lazy\" decoding=\"async\" width=\"712\" height=\"457\" src=\"https:\/\/manitasicod.com\/wp-content\/uploads\/2024\/11\/Captura-desde-2024-11-11-17-45-03.png\" class=\"elementor-animation-bob attachment-full size-full wp-image-1078\" alt=\"\" srcset=\"https:\/\/manitasicod.com\/wp-content\/uploads\/2024\/11\/Captura-desde-2024-11-11-17-45-03.png 712w, https:\/\/manitasicod.com\/wp-content\/uploads\/2024\/11\/Captura-desde-2024-11-11-17-45-03-300x193.png 300w, https:\/\/manitasicod.com\/wp-content\/uploads\/2024\/11\/Captura-desde-2024-11-11-17-45-03-18x12.png 18w\" sizes=\"(max-width: 712px) 100vw, 712px\" \/><\/figure><div class=\"elementor-image-box-content\"><h3 class=\"elementor-image-box-title\">Accessory Sales<\/h3><p class=\"elementor-image-box-description\">Encuentra todos los accesorios que necesitas para tu m\u00e1quina de coser en nuestra tienda. \u00a1Calidad y variedad a tu alcance!<\/p><\/div><\/div>\t\t\t\t<\/div>\n\t\t\t\t<\/div>\n\t\t\t\t<div class=\"elementor-element elementor-element-210757e elementor-align-center elementor-widget elementor-widget-button\" data-id=\"210757e\" data-element_type=\"widget\" data-e-type=\"widget\" data-widget_type=\"button.default\">\n\t\t\t\t<div class=\"elementor-widget-container\">\n\t\t\t\t\t\t\t\t\t<div class=\"elementor-button-wrapper\">\n\t\t\t\t\t<a class=\"elementor-button elementor-button-link elementor-size-sm\" href=\"https:\/\/manitasicod.com\/en\/contacto\/\">\n\t\t\t\t\t\t<span class=\"elementor-button-content-wrapper\">\n\t\t\t\t\t\t\t\t\t<span class=\"elementor-button-text\">Agendar Cita<\/span>\n\t\t\t\t\t<\/span>\n\t\t\t\t\t<\/a>\n\t\t\t\t<\/div>\n\t\t\t\t\t\t\t\t<\/div>\n\t\t\t\t<\/div>\n\t\t\t\t<\/div>\n\t\t<div class=\"elementor-element elementor-element-fdde409 e-con-full e-flex e-con e-child\" data-id=\"fdde409\" data-element_type=\"container\" data-e-type=\"container\" data-settings=\"{&quot;background_background&quot;:&quot;classic&quot;}\">\n\t\t\t\t<div class=\"elementor-element elementor-element-a49ae4e elementor-align-center elementor-widget elementor-widget-button\" data-id=\"a49ae4e\" data-element_type=\"widget\" data-e-type=\"widget\" data-widget_type=\"button.default\">\n\t\t\t\t<div class=\"elementor-widget-container\">\n\t\t\t\t\t\t\t\t\t<div class=\"elementor-button-wrapper\">\n\t\t\t\t\t<a class=\"elementor-button elementor-button-link elementor-size-sm\" href=\"https:\/\/manitasicod.com\/en\/contacto\/\">\n\t\t\t\t\t\t<span class=\"elementor-button-content-wrapper\">\n\t\t\t\t\t\t\t\t\t<span class=\"elementor-button-text\">Agendar Cita<\/span>\n\t\t\t\t\t<\/span>\n\t\t\t\t\t<\/a>\n\t\t\t\t<\/div>\n\t\t\t\t\t\t\t\t<\/div>\n\t\t\t\t<\/div>\n\t\t\t\t<div class=\"elementor-element elementor-element-569a23f elementor-position-top elementor-widget elementor-widget-image-box\" data-id=\"569a23f\" data-element_type=\"widget\" data-e-type=\"widget\" data-widget_type=\"image-box.default\">\n\t\t\t\t<div class=\"elementor-widget-container\">\n\t\t\t\t\t<div class=\"elementor-image-box-wrapper\"><figure class=\"elementor-image-box-img\"><img loading=\"lazy\" decoding=\"async\" width=\"653\" height=\"440\" src=\"https:\/\/manitasicod.com\/wp-content\/uploads\/2024\/11\/Captura-desde-2024-11-11-12-07-52.png\" class=\"elementor-animation-bob attachment-full size-full wp-image-884\" alt=\"\" srcset=\"https:\/\/manitasicod.com\/wp-content\/uploads\/2024\/11\/Captura-desde-2024-11-11-12-07-52.png 653w, https:\/\/manitasicod.com\/wp-content\/uploads\/2024\/11\/Captura-desde-2024-11-11-12-07-52-300x202.png 300w, https:\/\/manitasicod.com\/wp-content\/uploads\/2024\/11\/Captura-desde-2024-11-11-12-07-52-18x12.png 18w\" sizes=\"(max-width: 653px) 100vw, 653px\" \/><\/figure><div class=\"elementor-image-box-content\"><h3 class=\"elementor-image-box-title\">Lavander\u00eda (Punto de Recogida)<\/h3><p class=\"elementor-image-box-description\">Servicio de recogida de lavander\u00eda aqu\u00ed: pr\u00e1ctico, r\u00e1pido y confiable.\n\n<\/p><\/div><\/div>\t\t\t\t<\/div>\n\t\t\t\t<\/div>\n\t\t\t\t<\/div>\n\t\t\t\t\t<\/div>\n\t\t\t\t<\/div>\n\t\t\t\t<\/div>","protected":false},"excerpt":{"rendered":"<p>Nuestros Servicios: Servicios Pensados para Ti Arreglos de Costura Vueltos (Dobladillos): Este ajuste permite ajustar el largo de pantalones, faldas, vestidos o mangas. Puede hacerse con diferentes acabados: invisible, con costura recta o decorativa, seg\u00fan el tipo de prenda y el estilo deseado. Estrechar: Este arreglo se realiza para reducir el ancho de una prenda [&hellip;]<\/p>\n","protected":false},"author":3,"featured_media":0,"parent":0,"menu_order":0,"comment_status":"closed","ping_status":"closed","template":"","meta":{"footnotes":""},"class_list":["post-31","page","type-page","status-publish","hentry"],"yoast_head":"<!-- This site is optimized with the Yoast SEO plugin v27.3 - https:\/\/yoast.com\/product\/yoast-seo-wordpress\/ -->\n<title>Servicios - Manitas Icod<\/title>\n<meta name=\"robots\" content=\"index, follow, max-snippet:-1, max-image-preview:large, max-video-preview:-1\" \/>\n<link rel=\"canonical\" href=\"https:\/\/manitasicod.com\/en\/servicios\/\" \/>\n<meta property=\"og:locale\" content=\"en_GB\" \/>\n<meta property=\"og:type\" content=\"article\" \/>\n<meta property=\"og:title\" content=\"Servicios - Manitas Icod\" \/>\n<meta property=\"og:description\" content=\"Nuestros Servicios: Servicios Pensados para Ti Arreglos de Costura Vueltos (Dobladillos): Este ajuste permite ajustar el largo de pantalones, faldas, vestidos o mangas. Puede hacerse con diferentes acabados: invisible, con costura recta o decorativa, seg\u00fan el tipo de prenda y el estilo deseado. Estrechar: Este arreglo se realiza para reducir el ancho de una prenda [&hellip;]\" \/>\n<meta property=\"og:url\" content=\"https:\/\/manitasicod.com\/en\/servicios\/\" \/>\n<meta property=\"og:site_name\" content=\"Manitas Icod\" \/>\n<meta property=\"article:modified_time\" content=\"2024-11-12T08:47:12+00:00\" \/>\n<meta property=\"og:image\" content=\"https:\/\/manitasicod.com\/wp-content\/uploads\/2024\/11\/Captura-desde-2024-11-11-11-39-32.png\" \/>\n\t<meta property=\"og:image:width\" content=\"560\" \/>\n\t<meta property=\"og:image:height\" content=\"373\" \/>\n\t<meta property=\"og:image:type\" content=\"image\/png\" \/>\n<meta name=\"twitter:card\" content=\"summary_large_image\" \/>\n<meta name=\"twitter:label1\" content=\"Estimated reading time\" \/>\n\t<meta name=\"twitter:data1\" content=\"3 minutes\" \/>\n<script type=\"application\/ld+json\" class=\"yoast-schema-graph\">{\"@context\":\"https:\\\/\\\/schema.org\",\"@graph\":[{\"@type\":\"WebPage\",\"@id\":\"https:\\\/\\\/manitasicod.com\\\/servicios\\\/\",\"url\":\"https:\\\/\\\/manitasicod.com\\\/servicios\\\/\",\"name\":\"Servicios - Manitas Icod\",\"isPartOf\":{\"@id\":\"https:\\\/\\\/manitasicod.com\\\/#website\"},\"primaryImageOfPage\":{\"@id\":\"https:\\\/\\\/manitasicod.com\\\/servicios\\\/#primaryimage\"},\"image\":{\"@id\":\"https:\\\/\\\/manitasicod.com\\\/servicios\\\/#primaryimage\"},\"thumbnailUrl\":\"https:\\\/\\\/manitasicod.com\\\/wp-content\\\/uploads\\\/2024\\\/11\\\/Captura-desde-2024-11-11-11-39-32.png\",\"datePublished\":\"2024-09-25T14:34:37+00:00\",\"dateModified\":\"2024-11-12T08:47:12+00:00\",\"breadcrumb\":{\"@id\":\"https:\\\/\\\/manitasicod.com\\\/servicios\\\/#breadcrumb\"},\"inLanguage\":\"en-GB\",\"potentialAction\":[{\"@type\":\"ReadAction\",\"target\":[\"https:\\\/\\\/manitasicod.com\\\/servicios\\\/\"]}]},{\"@type\":\"ImageObject\",\"inLanguage\":\"en-GB\",\"@id\":\"https:\\\/\\\/manitasicod.com\\\/servicios\\\/#primaryimage\",\"url\":\"https:\\\/\\\/manitasicod.com\\\/wp-content\\\/uploads\\\/2024\\\/11\\\/Captura-desde-2024-11-11-11-39-32.png\",\"contentUrl\":\"https:\\\/\\\/manitasicod.com\\\/wp-content\\\/uploads\\\/2024\\\/11\\\/Captura-desde-2024-11-11-11-39-32.png\"},{\"@type\":\"BreadcrumbList\",\"@id\":\"https:\\\/\\\/manitasicod.com\\\/servicios\\\/#breadcrumb\",\"itemListElement\":[{\"@type\":\"ListItem\",\"position\":1,\"name\":\"Portada\",\"item\":\"https:\\\/\\\/manitasicod.com\\\/\"},{\"@type\":\"ListItem\",\"position\":2,\"name\":\"Servicios\"}]},{\"@type\":\"WebSite\",\"@id\":\"https:\\\/\\\/manitasicod.com\\\/#website\",\"url\":\"https:\\\/\\\/manitasicod.com\\\/\",\"name\":\"Manitas Icod\",\"description\":\"Arreglos de costura\",\"publisher\":{\"@id\":\"https:\\\/\\\/manitasicod.com\\\/#organization\"},\"potentialAction\":[{\"@type\":\"SearchAction\",\"target\":{\"@type\":\"EntryPoint\",\"urlTemplate\":\"https:\\\/\\\/manitasicod.com\\\/?s={search_term_string}\"},\"query-input\":{\"@type\":\"PropertyValueSpecification\",\"valueRequired\":true,\"valueName\":\"search_term_string\"}}],\"inLanguage\":\"en-GB\"},{\"@type\":\"Organization\",\"@id\":\"https:\\\/\\\/manitasicod.com\\\/#organization\",\"name\":\"Manitas Icod\",\"url\":\"https:\\\/\\\/manitasicod.com\\\/\",\"logo\":{\"@type\":\"ImageObject\",\"inLanguage\":\"en-GB\",\"@id\":\"https:\\\/\\\/manitasicod.com\\\/#\\\/schema\\\/logo\\\/image\\\/\",\"url\":\"https:\\\/\\\/manitasicod.com\\\/wp-content\\\/uploads\\\/2024\\\/11\\\/cropped-Manitas-1-1.jpg\",\"contentUrl\":\"https:\\\/\\\/manitasicod.com\\\/wp-content\\\/uploads\\\/2024\\\/11\\\/cropped-Manitas-1-1.jpg\",\"width\":500,\"height\":486,\"caption\":\"Manitas Icod\"},\"image\":{\"@id\":\"https:\\\/\\\/manitasicod.com\\\/#\\\/schema\\\/logo\\\/image\\\/\"}}]}<\/script>\n<!-- \/ Yoast SEO plugin. -->","yoast_head_json":{"title":"Servicios - Manitas Icod","robots":{"index":"index","follow":"follow","max-snippet":"max-snippet:-1","max-image-preview":"max-image-preview:large","max-video-preview":"max-video-preview:-1"},"canonical":"https:\/\/manitasicod.com\/en\/servicios\/","og_locale":"en_GB","og_type":"article","og_title":"Servicios - Manitas Icod","og_description":"Nuestros Servicios: Servicios Pensados para Ti Arreglos de Costura Vueltos (Dobladillos): Este ajuste permite ajustar el largo de pantalones, faldas, vestidos o mangas. Puede hacerse con diferentes acabados: invisible, con costura recta o decorativa, seg\u00fan el tipo de prenda y el estilo deseado. Estrechar: Este arreglo se realiza para reducir el ancho de una prenda [&hellip;]","og_url":"https:\/\/manitasicod.com\/en\/servicios\/","og_site_name":"Manitas Icod","article_modified_time":"2024-11-12T08:47:12+00:00","og_image":[{"width":560,"height":373,"url":"https:\/\/manitasicod.com\/wp-content\/uploads\/2024\/11\/Captura-desde-2024-11-11-11-39-32.png","type":"image\/png"}],"twitter_card":"summary_large_image","twitter_misc":{"Estimated reading time":"3 minutes"},"schema":{"@context":"https:\/\/schema.org","@graph":[{"@type":"WebPage","@id":"https:\/\/manitasicod.com\/servicios\/","url":"https:\/\/manitasicod.com\/servicios\/","name":"Servicios - Manitas Icod","isPartOf":{"@id":"https:\/\/manitasicod.com\/#website"},"primaryImageOfPage":{"@id":"https:\/\/manitasicod.com\/servicios\/#primaryimage"},"image":{"@id":"https:\/\/manitasicod.com\/servicios\/#primaryimage"},"thumbnailUrl":"https:\/\/manitasicod.com\/wp-content\/uploads\/2024\/11\/Captura-desde-2024-11-11-11-39-32.png","datePublished":"2024-09-25T14:34:37+00:00","dateModified":"2024-11-12T08:47:12+00:00","breadcrumb":{"@id":"https:\/\/manitasicod.com\/servicios\/#breadcrumb"},"inLanguage":"en-GB","potentialAction":[{"@type":"ReadAction","target":["https:\/\/manitasicod.com\/servicios\/"]}]},{"@type":"ImageObject","inLanguage":"en-GB","@id":"https:\/\/manitasicod.com\/servicios\/#primaryimage","url":"https:\/\/manitasicod.com\/wp-content\/uploads\/2024\/11\/Captura-desde-2024-11-11-11-39-32.png","contentUrl":"https:\/\/manitasicod.com\/wp-content\/uploads\/2024\/11\/Captura-desde-2024-11-11-11-39-32.png"},{"@type":"BreadcrumbList","@id":"https:\/\/manitasicod.com\/servicios\/#breadcrumb","itemListElement":[{"@type":"ListItem","position":1,"name":"Portada","item":"https:\/\/manitasicod.com\/"},{"@type":"ListItem","position":2,"name":"Servicios"}]},{"@type":"WebSite","@id":"https:\/\/manitasicod.com\/#website","url":"https:\/\/manitasicod.com\/","name":"Manitas Icod","description":"Arreglos de costura","publisher":{"@id":"https:\/\/manitasicod.com\/#organization"},"potentialAction":[{"@type":"SearchAction","target":{"@type":"EntryPoint","urlTemplate":"https:\/\/manitasicod.com\/?s={search_term_string}"},"query-input":{"@type":"PropertyValueSpecification","valueRequired":true,"valueName":"search_term_string"}}],"inLanguage":"en-GB"},{"@type":"Organization","@id":"https:\/\/manitasicod.com\/#organization","name":"Manitas Icod","url":"https:\/\/manitasicod.com\/","logo":{"@type":"ImageObject","inLanguage":"en-GB","@id":"https:\/\/manitasicod.com\/#\/schema\/logo\/image\/","url":"https:\/\/manitasicod.com\/wp-content\/uploads\/2024\/11\/cropped-Manitas-1-1.jpg","contentUrl":"https:\/\/manitasicod.com\/wp-content\/uploads\/2024\/11\/cropped-Manitas-1-1.jpg","width":500,"height":486,"caption":"Manitas Icod"},"image":{"@id":"https:\/\/manitasicod.com\/#\/schema\/logo\/image\/"}}]}},"_links":{"self":[{"href":"https:\/\/manitasicod.com\/en\/wp-json\/wp\/v2\/pages\/31","targetHints":{"allow":["GET"]}}],"collection":[{"href":"https:\/\/manitasicod.com\/en\/wp-json\/wp\/v2\/pages"}],"about":[{"href":"https:\/\/manitasicod.com\/en\/wp-json\/wp\/v2\/types\/page"}],"author":[{"embeddable":true,"href":"https:\/\/manitasicod.com\/en\/wp-json\/wp\/v2\/users\/3"}],"replies":[{"embeddable":true,"href":"https:\/\/manitasicod.com\/en\/wp-json\/wp\/v2\/comments?post=31"}],"version-history":[{"count":205,"href":"https:\/\/manitasicod.com\/en\/wp-json\/wp\/v2\/pages\/31\/revisions"}],"predecessor-version":[{"id":1087,"href":"https:\/\/manitasicod.com\/en\/wp-json\/wp\/v2\/pages\/31\/revisions\/1087"}],"wp:attachment":[{"href":"https:\/\/manitasicod.com\/en\/wp-json\/wp\/v2\/media?parent=31"}],"curies":[{"name":"wp","href":"https:\/\/api.w.org\/{rel}","templated":true}]}}