{"id":2,"date":"2024-09-23T16:02:06","date_gmt":"2024-09-23T16:02:06","guid":{"rendered":"https:\/\/itaraoro.rkinformatika.online\/?page_id=2"},"modified":"2024-11-12T09:06:18","modified_gmt":"2024-11-12T09:06:18","slug":"inicio","status":"publish","type":"page","link":"https:\/\/manitasicod.com\/en\/","title":{"rendered":"Home"},"content":{"rendered":"\t\t<div data-elementor-type=\"wp-page\" data-elementor-id=\"2\" class=\"elementor elementor-2\" data-elementor-post-type=\"page\">\n\t\t\t\t<div class=\"elementor-element elementor-element-85362ec e-con-full e-flex e-con e-parent\" data-id=\"85362ec\" data-element_type=\"container\" data-e-type=\"container\" data-settings=\"{&quot;background_background&quot;:&quot;slideshow&quot;,&quot;background_slideshow_gallery&quot;:[{&quot;id&quot;:813,&quot;url&quot;:&quot;https:\\\/\\\/manitasicod.com\\\/wp-content\\\/uploads\\\/2024\\\/11\\\/Captura-desde-2024-11-08-17-58-36.png&quot;},{&quot;id&quot;:815,&quot;url&quot;:&quot;https:\\\/\\\/manitasicod.com\\\/wp-content\\\/uploads\\\/2024\\\/11\\\/Captura-desde-2024-11-08-18-01-42.png&quot;},{&quot;id&quot;:816,&quot;url&quot;:&quot;https:\\\/\\\/manitasicod.com\\\/wp-content\\\/uploads\\\/2024\\\/11\\\/Captura-desde-2024-11-08-18-00-37.png&quot;}],&quot;background_slideshow_loop&quot;:&quot;yes&quot;,&quot;background_slideshow_slide_duration&quot;:5000,&quot;background_slideshow_slide_transition&quot;:&quot;fade&quot;,&quot;background_slideshow_transition_duration&quot;:500}\">\n\t\t\t\t<div class=\"elementor-element elementor-element-54010a2 elementor-widget elementor-widget-heading\" data-id=\"54010a2\" data-element_type=\"widget\" data-e-type=\"widget\" data-widget_type=\"heading.default\">\n\t\t\t\t<div class=\"elementor-widget-container\">\n\t\t\t\t\t<h2 class=\"elementor-heading-title elementor-size-default\">\u00a1Renueva tu estilo con ajustes perfectos!<\/h2>\t\t\t\t<\/div>\n\t\t\t\t<\/div>\n\t\t\t\t<div class=\"elementor-element elementor-element-b04b682 elementor-widget elementor-widget-heading\" data-id=\"b04b682\" data-element_type=\"widget\" data-e-type=\"widget\" data-widget_type=\"heading.default\">\n\t\t\t\t<div class=\"elementor-widget-container\">\n\t\t\t\t\t<h2 class=\"elementor-heading-title elementor-size-default\">Un servicio de costura de calidad se distingue por brindar una asesor\u00eda personalizada a sus clientes.<\/h2>\t\t\t\t<\/div>\n\t\t\t\t<\/div>\n\t\t\t\t<\/div>\n\t\t<div class=\"elementor-element elementor-element-e9e4b35 e-flex e-con-boxed e-con e-parent\" data-id=\"e9e4b35\" data-element_type=\"container\" data-e-type=\"container\">\n\t\t\t\t\t<div class=\"e-con-inner\">\n\t\t\t\t<div class=\"elementor-element elementor-element-14b65d3 elementor-widget elementor-widget-heading\" data-id=\"14b65d3\" data-element_type=\"widget\" data-e-type=\"widget\" data-widget_type=\"heading.default\">\n\t\t\t\t<div class=\"elementor-widget-container\">\n\t\t\t\t\t<h2 class=\"elementor-heading-title elementor-size-default\">25 A\u00f1os de Experiencia Dedicados <br>a Cuidar tu Ropa y tus m\u00e1quinas de coser<\/h2>\t\t\t\t<\/div>\n\t\t\t\t<\/div>\n\t\t\t\t\t<\/div>\n\t\t\t\t<\/div>\n\t\t<div class=\"elementor-element elementor-element-7bf126b e-flex e-con-boxed e-con e-parent\" data-id=\"7bf126b\" data-element_type=\"container\" data-e-type=\"container\">\n\t\t\t\t\t<div class=\"e-con-inner\">\n\t\t\t\t<div class=\"elementor-element elementor-element-db685bc elementor-widget elementor-widget-text-editor\" data-id=\"db685bc\" data-element_type=\"widget\" data-e-type=\"widget\" data-widget_type=\"text-editor.default\">\n\t\t\t\t<div class=\"elementor-widget-container\">\n\t\t\t\t\t\t\t\t\t<h6><strong>M\u00e1s de 25 a\u00f1os perfeccionando cada puntada para que tus prendas luzcan impecables. \u00a1Conf\u00eda en nuestra experiencia!<\/strong><\/h6><p>Nos comprometemos a tratar cada prenda como \u00fanica, dedicando el tiempo y cuidado necesarios para que el resultado sea impecable. Con nuestras m\u00e1quinas de coser de alta precisi\u00f3n y un equipo experimentado, aseguramos calidad en cada puntada, ajustando y reparando tus prendas con el m\u00e1ximo esmero. Tu ropa est\u00e1 en manos de profesionales que valoran tanto la perfecci\u00f3n como la durabilidad, porque entendemos que cada pieza tiene un valor especial para ti.<\/p>\t\t\t\t\t\t\t\t<\/div>\n\t\t\t\t<\/div>\n\t\t\t\t\t<\/div>\n\t\t\t\t<\/div>\n\t\t<div class=\"elementor-element elementor-element-a0d5fa9 e-con-full e-flex e-con e-parent\" data-id=\"a0d5fa9\" data-element_type=\"container\" data-e-type=\"container\">\n\t\t\t\t<\/div>\n\t\t<div class=\"elementor-element elementor-element-043afde e-flex e-con-boxed e-con e-parent\" data-id=\"043afde\" data-element_type=\"container\" data-e-type=\"container\" data-settings=\"{&quot;background_background&quot;:&quot;classic&quot;}\">\n\t\t\t\t\t<div class=\"e-con-inner\">\n\t\t\t\t<div class=\"elementor-element elementor-element-02fdff0 elementor-widget elementor-widget-heading\" data-id=\"02fdff0\" data-element_type=\"widget\" data-e-type=\"widget\" data-widget_type=\"heading.default\">\n\t\t\t\t<div class=\"elementor-widget-container\">\n\t\t\t\t\t<h2 class=\"elementor-heading-title elementor-size-default\">Vis\u00edtanos y dale una nueva vida a tu ropa.<\/h2>\t\t\t\t<\/div>\n\t\t\t\t<\/div>\n\t\t\t\t<div class=\"elementor-element elementor-element-6d9c13c elementor-align-center elementor-widget elementor-widget-button\" data-id=\"6d9c13c\" data-element_type=\"widget\" data-e-type=\"widget\" data-widget_type=\"button.default\">\n\t\t\t\t<div class=\"elementor-widget-container\">\n\t\t\t\t\t\t\t\t\t<div class=\"elementor-button-wrapper\">\n\t\t\t\t\t<a class=\"elementor-button elementor-button-link elementor-size-sm\" href=\"https:\/\/manitasicod.com\/contacto\/\">\n\t\t\t\t\t\t<span class=\"elementor-button-content-wrapper\">\n\t\t\t\t\t\t\t\t\t<span class=\"elementor-button-text\">Reserva tu Cita<\/span>\n\t\t\t\t\t<\/span>\n\t\t\t\t\t<\/a>\n\t\t\t\t<\/div>\n\t\t\t\t\t\t\t\t<\/div>\n\t\t\t\t<\/div>\n\t\t\t\t\t<\/div>\n\t\t\t\t<\/div>\n\t\t<div class=\"elementor-element elementor-element-90b078f e-flex e-con-boxed e-con e-parent\" data-id=\"90b078f\" data-element_type=\"container\" data-e-type=\"container\">\n\t\t\t\t\t<div class=\"e-con-inner\">\n\t\t\t\t<div class=\"elementor-element elementor-element-722928e elementor-widget elementor-widget-heading\" data-id=\"722928e\" data-element_type=\"widget\" data-e-type=\"widget\" data-widget_type=\"heading.default\">\n\t\t\t\t<div class=\"elementor-widget-container\">\n\t\t\t\t\t<h2 class=\"elementor-heading-title elementor-size-default\">servicios<\/h2>\t\t\t\t<\/div>\n\t\t\t\t<\/div>\n\t\t\t\t\t<\/div>\n\t\t\t\t<\/div>\n\t\t<div class=\"elementor-element elementor-element-be10d2a e-flex e-con-boxed e-con e-parent\" data-id=\"be10d2a\" data-element_type=\"container\" data-e-type=\"container\">\n\t\t\t\t\t<div class=\"e-con-inner\">\n\t\t\t\t<div class=\"elementor-element elementor-element-3f4d323 elementor-widget elementor-widget-text-editor\" data-id=\"3f4d323\" data-element_type=\"widget\" data-e-type=\"widget\" data-widget_type=\"text-editor.default\">\n\t\t\t\t<div class=\"elementor-widget-container\">\n\t\t\t\t\t\t\t\t\t<h6><strong>Sabemos que cada ropa es \u00fanica y merece un cuidado especial.<\/strong><\/h6><p>Ofrecemos una variedad de servicios como arreglos de costura, bordados, reparaci\u00f3n de m\u00e1quinas de coser y venta de accesorios.<\/p>\t\t\t\t\t\t\t\t<\/div>\n\t\t\t\t<\/div>\n\t\t\t\t\t<\/div>\n\t\t\t\t<\/div>\n\t\t<div class=\"elementor-element elementor-element-aca1fa5 e-flex e-con-boxed e-con e-parent\" data-id=\"aca1fa5\" data-element_type=\"container\" data-e-type=\"container\">\n\t\t\t\t\t<div class=\"e-con-inner\">\n\t\t\t\t<div class=\"elementor-element elementor-element-13a3d13 elementor-view-default elementor-position-block-start elementor-mobile-position-block-start elementor-widget elementor-widget-icon-box\" data-id=\"13a3d13\" data-element_type=\"widget\" data-e-type=\"widget\" data-widget_type=\"icon-box.default\">\n\t\t\t\t<div class=\"elementor-widget-container\">\n\t\t\t\t\t\t\t<div class=\"elementor-icon-box-wrapper\">\n\n\t\t\t\t\t\t<div class=\"elementor-icon-box-icon\">\n\t\t\t\t<span  class=\"elementor-icon elementor-animation-bob\">\n\t\t\t\t<svg aria-hidden=\"true\" class=\"e-font-icon-svg e-fas-cut\" viewBox=\"0 0 448 512\" xmlns=\"http:\/\/www.w3.org\/2000\/svg\"><path d=\"M278.06 256L444.48 89.57c4.69-4.69 4.69-12.29 0-16.97-32.8-32.8-85.99-32.8-118.79 0L210.18 188.12l-24.86-24.86c4.31-10.92 6.68-22.81 6.68-35.26 0-53.02-42.98-96-96-96S0 74.98 0 128s42.98 96 96 96c4.54 0 8.99-.32 13.36-.93L142.29 256l-32.93 32.93c-4.37-.61-8.83-.93-13.36-.93-53.02 0-96 42.98-96 96s42.98 96 96 96 96-42.98 96-96c0-12.45-2.37-24.34-6.68-35.26l24.86-24.86L325.69 439.4c32.8 32.8 85.99 32.8 118.79 0 4.69-4.68 4.69-12.28 0-16.97L278.06 256zM96 160c-17.64 0-32-14.36-32-32s14.36-32 32-32 32 14.36 32 32-14.36 32-32 32zm0 256c-17.64 0-32-14.36-32-32s14.36-32 32-32 32 14.36 32 32-14.36 32-32 32z\"><\/path><\/svg>\t\t\t\t<\/span>\n\t\t\t<\/div>\n\t\t\t\n\t\t\t\t\t\t<div class=\"elementor-icon-box-content\">\n\n\t\t\t\t\t\t\t\t\t<h3 class=\"elementor-icon-box-title\">\n\t\t\t\t\t\t<span  >\n\t\t\t\t\t\t\tArreglos de Costura\t\t\t\t\t\t<\/span>\n\t\t\t\t\t<\/h3>\n\t\t\t\t\n\t\t\t\t\t\t\t\t\t<p class=\"elementor-icon-box-description\">\n\t\t\t\t\t\tOfrecemos ajustes de ropa para que cada prenda te quede perfecta. Desde hacer vueltos, estrechar o alargar, hasta reparar rotos, descosidos y cambiar cremalleras. Nos encargamos de cada detalle para que tus prendas luzcan como nuevas y se ajusten a ti.\t\t\t\t\t<\/p>\n\t\t\t\t\n\t\t\t<\/div>\n\t\t\t\n\t\t<\/div>\n\t\t\t\t\t\t<\/div>\n\t\t\t\t<\/div>\n\t\t\t\t<div class=\"elementor-element elementor-element-f543816 elementor-view-default elementor-position-block-start elementor-mobile-position-block-start elementor-widget elementor-widget-icon-box\" data-id=\"f543816\" data-element_type=\"widget\" data-e-type=\"widget\" data-widget_type=\"icon-box.default\">\n\t\t\t\t<div class=\"elementor-widget-container\">\n\t\t\t\t\t\t\t<div class=\"elementor-icon-box-wrapper\">\n\n\t\t\t\t\t\t<div class=\"elementor-icon-box-icon\">\n\t\t\t\t<span  class=\"elementor-icon elementor-animation-bob\">\n\t\t\t\t<svg aria-hidden=\"true\" class=\"e-font-icon-svg e-fas-map-pin\" viewBox=\"0 0 288 512\" xmlns=\"http:\/\/www.w3.org\/2000\/svg\"><path d=\"M112 316.94v156.69l22.02 33.02c4.75 7.12 15.22 7.12 19.97 0L176 473.63V316.94c-10.39 1.92-21.06 3.06-32 3.06s-21.61-1.14-32-3.06zM144 0C64.47 0 0 64.47 0 144s64.47 144 144 144 144-64.47 144-144S223.53 0 144 0zm0 76c-37.5 0-68 30.5-68 68 0 6.62-5.38 12-12 12s-12-5.38-12-12c0-50.73 41.28-92 92-92 6.62 0 12 5.38 12 12s-5.38 12-12 12z\"><\/path><\/svg>\t\t\t\t<\/span>\n\t\t\t<\/div>\n\t\t\t\n\t\t\t\t\t\t<div class=\"elementor-icon-box-content\">\n\n\t\t\t\t\t\t\t\t\t<h3 class=\"elementor-icon-box-title\">\n\t\t\t\t\t\t<span  >\n\t\t\t\t\t\t\tBordados\t\t\t\t\t\t<\/span>\n\t\t\t\t\t<\/h3>\n\t\t\t\t\n\t\t\t\t\t\t\t\t\t<p class=\"elementor-icon-box-description\">\n\t\t\t\t\t\tEl servicio de bordados es una opci\u00f3n creativa y profesional que permite personalizar prendas, accesorios y textiles con dise\u00f1os \u00fanicos y de alta calidad. Los bordados son ideales tanto para fines personales, como decorar ropa o accesorios con iniciales o motivos especiales.\n\t\t\t\t\t<\/p>\n\t\t\t\t\n\t\t\t<\/div>\n\t\t\t\n\t\t<\/div>\n\t\t\t\t\t\t<\/div>\n\t\t\t\t<\/div>\n\t\t\t\t\t<\/div>\n\t\t\t\t<\/div>\n\t\t<div class=\"elementor-element elementor-element-94be771 e-flex e-con-boxed e-con e-parent\" data-id=\"94be771\" data-element_type=\"container\" data-e-type=\"container\">\n\t\t\t\t\t<div class=\"e-con-inner\">\n\t\t\t\t<div class=\"elementor-element elementor-element-a071a37 elementor-view-default elementor-position-block-start elementor-mobile-position-block-start elementor-widget elementor-widget-icon-box\" data-id=\"a071a37\" data-element_type=\"widget\" data-e-type=\"widget\" data-widget_type=\"icon-box.default\">\n\t\t\t\t<div class=\"elementor-widget-container\">\n\t\t\t\t\t\t\t<div class=\"elementor-icon-box-wrapper\">\n\n\t\t\t\t\t\t<div class=\"elementor-icon-box-icon\">\n\t\t\t\t<span  class=\"elementor-icon elementor-animation-bob\">\n\t\t\t\t<svg aria-hidden=\"true\" class=\"e-font-icon-svg e-fas-wrench\" viewBox=\"0 0 512 512\" xmlns=\"http:\/\/www.w3.org\/2000\/svg\"><path d=\"M507.73 109.1c-2.24-9.03-13.54-12.09-20.12-5.51l-74.36 74.36-67.88-11.31-11.31-67.88 74.36-74.36c6.62-6.62 3.43-17.9-5.66-20.16-47.38-11.74-99.55.91-136.58 37.93-39.64 39.64-50.55 97.1-34.05 147.2L18.74 402.76c-24.99 24.99-24.99 65.51 0 90.5 24.99 24.99 65.51 24.99 90.5 0l213.21-213.21c50.12 16.71 107.47 5.68 147.37-34.22 37.07-37.07 49.7-89.32 37.91-136.73zM64 472c-13.25 0-24-10.75-24-24 0-13.26 10.75-24 24-24s24 10.74 24 24c0 13.25-10.75 24-24 24z\"><\/path><\/svg>\t\t\t\t<\/span>\n\t\t\t<\/div>\n\t\t\t\n\t\t\t\t\t\t<div class=\"elementor-icon-box-content\">\n\n\t\t\t\t\t\t\t\t\t<h3 class=\"elementor-icon-box-title\">\n\t\t\t\t\t\t<span  >\n\t\t\t\t\t\t\tReparaci\u00f3n de M\u00e1quinas\t\t\t\t\t\t<\/span>\n\t\t\t\t\t<\/h3>\n\t\t\t\t\n\t\t\t\t\t\t\t\t\t<p class=\"elementor-icon-box-description\">\n\t\t\t\t\t\tEl servicio de reparaci\u00f3n de m\u00e1quinas de coser es esencial para mantener el funcionamiento \u00f3ptimo de estas herramientas, permitiendo que las m\u00e1quinas trabajen con precisi\u00f3n y eficiencia.  \t\t\t\t\t<\/p>\n\t\t\t\t\n\t\t\t<\/div>\n\t\t\t\n\t\t<\/div>\n\t\t\t\t\t\t<\/div>\n\t\t\t\t<\/div>\n\t\t\t\t<div class=\"elementor-element elementor-element-03a8146 elementor-view-default elementor-position-block-start elementor-mobile-position-block-start elementor-widget elementor-widget-icon-box\" data-id=\"03a8146\" data-element_type=\"widget\" data-e-type=\"widget\" data-widget_type=\"icon-box.default\">\n\t\t\t\t<div class=\"elementor-widget-container\">\n\t\t\t\t\t\t\t<div class=\"elementor-icon-box-wrapper\">\n\n\t\t\t\t\t\t<div class=\"elementor-icon-box-icon\">\n\t\t\t\t<span  class=\"elementor-icon elementor-animation-bob\">\n\t\t\t\t<svg aria-hidden=\"true\" class=\"e-font-icon-svg e-fas-store\" viewBox=\"0 0 616 512\" xmlns=\"http:\/\/www.w3.org\/2000\/svg\"><path d=\"M602 118.6L537.1 15C531.3 5.7 521 0 510 0H106C95 0 84.7 5.7 78.9 15L14 118.6c-33.5 53.5-3.8 127.9 58.8 136.4 4.5.6 9.1.9 13.7.9 29.6 0 55.8-13 73.8-33.1 18 20.1 44.3 33.1 73.8 33.1 29.6 0 55.8-13 73.8-33.1 18 20.1 44.3 33.1 73.8 33.1 29.6 0 55.8-13 73.8-33.1 18.1 20.1 44.3 33.1 73.8 33.1 4.7 0 9.2-.3 13.7-.9 62.8-8.4 92.6-82.8 59-136.4zM529.5 288c-10 0-19.9-1.5-29.5-3.8V384H116v-99.8c-9.6 2.2-19.5 3.8-29.5 3.8-6 0-12.1-.4-18-1.2-5.6-.8-11.1-2.1-16.4-3.6V480c0 17.7 14.3 32 32 32h448c17.7 0 32-14.3 32-32V283.2c-5.4 1.6-10.8 2.9-16.4 3.6-6.1.8-12.1 1.2-18.2 1.2z\"><\/path><\/svg>\t\t\t\t<\/span>\n\t\t\t<\/div>\n\t\t\t\n\t\t\t\t\t\t<div class=\"elementor-icon-box-content\">\n\n\t\t\t\t\t\t\t\t\t<h3 class=\"elementor-icon-box-title\">\n\t\t\t\t\t\t<span  >\n\t\t\t\t\t\t\tVenta de Accesorios\t\t\t\t\t\t<\/span>\n\t\t\t\t\t<\/h3>\n\t\t\t\t\n\t\t\t\t\t\t\t\t\t<p class=\"elementor-icon-box-description\">\n\t\t\t\t\t\tEn nuestra tienda encontrar\u00e1s una amplia variedad de accesorios para tu m\u00e1quina de coser: agujas, prensatelas, bobinas, aceite lubricante y mucho m\u00e1s. Todo lo que necesitas para mantener tu m\u00e1quina en perfecto estado y lograr resultados impecables en cada proyecto. \t\t\t\t\t<\/p>\n\t\t\t\t\n\t\t\t<\/div>\n\t\t\t\n\t\t<\/div>\n\t\t\t\t\t\t<\/div>\n\t\t\t\t<\/div>\n\t\t\t\t\t<\/div>\n\t\t\t\t<\/div>\n\t\t<div class=\"elementor-element elementor-element-dd4bc93 e-flex e-con-boxed e-con e-parent\" data-id=\"dd4bc93\" data-element_type=\"container\" data-e-type=\"container\" data-settings=\"{&quot;background_background&quot;:&quot;classic&quot;}\">\n\t\t\t\t\t<div class=\"e-con-inner\">\n\t\t\t\t<div class=\"elementor-element elementor-element-b7b14b6 elementor-align-center elementor-widget elementor-widget-button\" data-id=\"b7b14b6\" data-element_type=\"widget\" data-e-type=\"widget\" data-widget_type=\"button.default\">\n\t\t\t\t<div class=\"elementor-widget-container\">\n\t\t\t\t\t\t\t\t\t<div class=\"elementor-button-wrapper\">\n\t\t\t\t\t<a class=\"elementor-button elementor-button-link elementor-size-sm\" href=\"https:\/\/manitasicod.com\/servicios\/\">\n\t\t\t\t\t\t<span class=\"elementor-button-content-wrapper\">\n\t\t\t\t\t\t\t\t\t<span class=\"elementor-button-text\">Descubre M\u00e1s<\/span>\n\t\t\t\t\t<\/span>\n\t\t\t\t\t<\/a>\n\t\t\t\t<\/div>\n\t\t\t\t\t\t\t\t<\/div>\n\t\t\t\t<\/div>\n\t\t\t\t\t<\/div>\n\t\t\t\t<\/div>\n\t\t\t\t<\/div>\n\t\t","protected":false},"excerpt":{"rendered":"<p>\u00a1Renueva tu estilo con ajustes perfectos! Un servicio de costura de calidad se distingue por brindar una asesor\u00eda personalizada a sus clientes. 25 A\u00f1os de Experiencia Dedicados a Cuidar tu Ropa y tus m\u00e1quinas de coser M\u00e1s de 25 a\u00f1os perfeccionando cada puntada para que tus prendas luzcan impecables. \u00a1Conf\u00eda en nuestra experiencia! Nos comprometemos [&hellip;]<\/p>\n","protected":false},"author":3,"featured_media":0,"parent":0,"menu_order":0,"comment_status":"closed","ping_status":"closed","template":"","meta":{"footnotes":""},"class_list":["post-2","page","type-page","status-publish","hentry"],"yoast_head":"<!-- This site is optimized with the Yoast SEO plugin v27.3 - https:\/\/yoast.com\/product\/yoast-seo-wordpress\/ -->\n<title>Inicio - Manitas Icod<\/title>\n<meta name=\"robots\" content=\"index, follow, max-snippet:-1, max-image-preview:large, max-video-preview:-1\" \/>\n<link rel=\"canonical\" href=\"https:\/\/manitasicod.com\/en\/\" \/>\n<meta property=\"og:locale\" content=\"en_GB\" \/>\n<meta property=\"og:type\" content=\"article\" \/>\n<meta property=\"og:title\" content=\"Inicio - Manitas Icod\" \/>\n<meta property=\"og:description\" content=\"\u00a1Renueva tu estilo con ajustes perfectos! Un servicio de costura de calidad se distingue por brindar una asesor\u00eda personalizada a sus clientes. 25 A\u00f1os de Experiencia Dedicados a Cuidar tu Ropa y tus m\u00e1quinas de coser M\u00e1s de 25 a\u00f1os perfeccionando cada puntada para que tus prendas luzcan impecables. \u00a1Conf\u00eda en nuestra experiencia! Nos comprometemos [&hellip;]\" \/>\n<meta property=\"og:url\" content=\"https:\/\/manitasicod.com\/en\/\" \/>\n<meta property=\"og:site_name\" content=\"Manitas Icod\" \/>\n<meta property=\"article:modified_time\" content=\"2024-11-12T09:06:18+00:00\" \/>\n<meta name=\"twitter:card\" content=\"summary_large_image\" \/>\n<meta name=\"twitter:label1\" content=\"Estimated reading time\" \/>\n\t<meta name=\"twitter:data1\" content=\"1 minute\" \/>\n<script type=\"application\/ld+json\" class=\"yoast-schema-graph\">{\"@context\":\"https:\\\/\\\/schema.org\",\"@graph\":[{\"@type\":\"WebPage\",\"@id\":\"https:\\\/\\\/manitasicod.com\\\/\",\"url\":\"https:\\\/\\\/manitasicod.com\\\/\",\"name\":\"Inicio - Manitas Icod\",\"isPartOf\":{\"@id\":\"https:\\\/\\\/manitasicod.com\\\/#website\"},\"datePublished\":\"2024-09-23T16:02:06+00:00\",\"dateModified\":\"2024-11-12T09:06:18+00:00\",\"breadcrumb\":{\"@id\":\"https:\\\/\\\/manitasicod.com\\\/#breadcrumb\"},\"inLanguage\":\"en-GB\",\"potentialAction\":[{\"@type\":\"ReadAction\",\"target\":[\"https:\\\/\\\/manitasicod.com\\\/\"]}]},{\"@type\":\"BreadcrumbList\",\"@id\":\"https:\\\/\\\/manitasicod.com\\\/#breadcrumb\",\"itemListElement\":[{\"@type\":\"ListItem\",\"position\":1,\"name\":\"Portada\",\"item\":\"https:\\\/\\\/manitasicod.com\\\/\"},{\"@type\":\"ListItem\",\"position\":2,\"name\":\"Inicio\"}]},{\"@type\":\"WebSite\",\"@id\":\"https:\\\/\\\/manitasicod.com\\\/#website\",\"url\":\"https:\\\/\\\/manitasicod.com\\\/\",\"name\":\"Manitas Icod\",\"description\":\"Arreglos de costura\",\"publisher\":{\"@id\":\"https:\\\/\\\/manitasicod.com\\\/#organization\"},\"potentialAction\":[{\"@type\":\"SearchAction\",\"target\":{\"@type\":\"EntryPoint\",\"urlTemplate\":\"https:\\\/\\\/manitasicod.com\\\/?s={search_term_string}\"},\"query-input\":{\"@type\":\"PropertyValueSpecification\",\"valueRequired\":true,\"valueName\":\"search_term_string\"}}],\"inLanguage\":\"en-GB\"},{\"@type\":\"Organization\",\"@id\":\"https:\\\/\\\/manitasicod.com\\\/#organization\",\"name\":\"Manitas Icod\",\"url\":\"https:\\\/\\\/manitasicod.com\\\/\",\"logo\":{\"@type\":\"ImageObject\",\"inLanguage\":\"en-GB\",\"@id\":\"https:\\\/\\\/manitasicod.com\\\/#\\\/schema\\\/logo\\\/image\\\/\",\"url\":\"https:\\\/\\\/manitasicod.com\\\/wp-content\\\/uploads\\\/2024\\\/11\\\/cropped-Manitas-1-1.jpg\",\"contentUrl\":\"https:\\\/\\\/manitasicod.com\\\/wp-content\\\/uploads\\\/2024\\\/11\\\/cropped-Manitas-1-1.jpg\",\"width\":500,\"height\":486,\"caption\":\"Manitas Icod\"},\"image\":{\"@id\":\"https:\\\/\\\/manitasicod.com\\\/#\\\/schema\\\/logo\\\/image\\\/\"}}]}<\/script>\n<!-- \/ Yoast SEO plugin. -->","yoast_head_json":{"title":"Inicio - Manitas Icod","robots":{"index":"index","follow":"follow","max-snippet":"max-snippet:-1","max-image-preview":"max-image-preview:large","max-video-preview":"max-video-preview:-1"},"canonical":"https:\/\/manitasicod.com\/en\/","og_locale":"en_GB","og_type":"article","og_title":"Inicio - Manitas Icod","og_description":"\u00a1Renueva tu estilo con ajustes perfectos! Un servicio de costura de calidad se distingue por brindar una asesor\u00eda personalizada a sus clientes. 25 A\u00f1os de Experiencia Dedicados a Cuidar tu Ropa y tus m\u00e1quinas de coser M\u00e1s de 25 a\u00f1os perfeccionando cada puntada para que tus prendas luzcan impecables. \u00a1Conf\u00eda en nuestra experiencia! Nos comprometemos [&hellip;]","og_url":"https:\/\/manitasicod.com\/en\/","og_site_name":"Manitas Icod","article_modified_time":"2024-11-12T09:06:18+00:00","twitter_card":"summary_large_image","twitter_misc":{"Estimated reading time":"1 minute"},"schema":{"@context":"https:\/\/schema.org","@graph":[{"@type":"WebPage","@id":"https:\/\/manitasicod.com\/","url":"https:\/\/manitasicod.com\/","name":"Inicio - Manitas Icod","isPartOf":{"@id":"https:\/\/manitasicod.com\/#website"},"datePublished":"2024-09-23T16:02:06+00:00","dateModified":"2024-11-12T09:06:18+00:00","breadcrumb":{"@id":"https:\/\/manitasicod.com\/#breadcrumb"},"inLanguage":"en-GB","potentialAction":[{"@type":"ReadAction","target":["https:\/\/manitasicod.com\/"]}]},{"@type":"BreadcrumbList","@id":"https:\/\/manitasicod.com\/#breadcrumb","itemListElement":[{"@type":"ListItem","position":1,"name":"Portada","item":"https:\/\/manitasicod.com\/"},{"@type":"ListItem","position":2,"name":"Inicio"}]},{"@type":"WebSite","@id":"https:\/\/manitasicod.com\/#website","url":"https:\/\/manitasicod.com\/","name":"Manitas Icod","description":"Arreglos de costura","publisher":{"@id":"https:\/\/manitasicod.com\/#organization"},"potentialAction":[{"@type":"SearchAction","target":{"@type":"EntryPoint","urlTemplate":"https:\/\/manitasicod.com\/?s={search_term_string}"},"query-input":{"@type":"PropertyValueSpecification","valueRequired":true,"valueName":"search_term_string"}}],"inLanguage":"en-GB"},{"@type":"Organization","@id":"https:\/\/manitasicod.com\/#organization","name":"Manitas Icod","url":"https:\/\/manitasicod.com\/","logo":{"@type":"ImageObject","inLanguage":"en-GB","@id":"https:\/\/manitasicod.com\/#\/schema\/logo\/image\/","url":"https:\/\/manitasicod.com\/wp-content\/uploads\/2024\/11\/cropped-Manitas-1-1.jpg","contentUrl":"https:\/\/manitasicod.com\/wp-content\/uploads\/2024\/11\/cropped-Manitas-1-1.jpg","width":500,"height":486,"caption":"Manitas Icod"},"image":{"@id":"https:\/\/manitasicod.com\/#\/schema\/logo\/image\/"}}]}},"_links":{"self":[{"href":"https:\/\/manitasicod.com\/en\/wp-json\/wp\/v2\/pages\/2","targetHints":{"allow":["GET"]}}],"collection":[{"href":"https:\/\/manitasicod.com\/en\/wp-json\/wp\/v2\/pages"}],"about":[{"href":"https:\/\/manitasicod.com\/en\/wp-json\/wp\/v2\/types\/page"}],"author":[{"embeddable":true,"href":"https:\/\/manitasicod.com\/en\/wp-json\/wp\/v2\/users\/3"}],"replies":[{"embeddable":true,"href":"https:\/\/manitasicod.com\/en\/wp-json\/wp\/v2\/comments?post=2"}],"version-history":[{"count":295,"href":"https:\/\/manitasicod.com\/en\/wp-json\/wp\/v2\/pages\/2\/revisions"}],"predecessor-version":[{"id":1104,"href":"https:\/\/manitasicod.com\/en\/wp-json\/wp\/v2\/pages\/2\/revisions\/1104"}],"wp:attachment":[{"href":"https:\/\/manitasicod.com\/en\/wp-json\/wp\/v2\/media?parent=2"}],"curies":[{"name":"wp","href":"https:\/\/api.w.org\/{rel}","templated":true}]}}